{"id":54,"date":"2024-01-21T16:52:45","date_gmt":"2024-01-21T15:52:45","guid":{"rendered":"http:\/\/plateformecitoyennelisloise.fr\/?page_id=54"},"modified":"2024-03-04T16:42:43","modified_gmt":"2024-03-04T15:42:43","slug":"nous-connaitre","status":"publish","type":"page","link":"https:\/\/plateformecitoyennelisloise.fr\/?page_id=54","title":{"rendered":"Nous conna\u00eetre"},"content":{"rendered":"\n<p>L\u2019association \u00ab&nbsp;Plateforme Citoyenne Lisloise&nbsp;\u00bb a \u00e9t\u00e9 fond\u00e9e en janvier 2022.<\/p>\n\n\n\n<p>Son objet est de promouvoir au niveau local des d\u00e9marches innovantes concernant la vie d\u00e9mocratique en initiant, \u00e0 travers des th\u00e8mes concrets qui concernent la vie des citoyens, des pratiques qui combinent la d\u00e9mocratie participative, la d\u00e9mocratie directe et repr\u00e9sentative ; l&#8217;association plateforme citoyenne lisloise se con\u00e7oit ainsi comme une<br>plateforme qui permet un acc\u00e8s libre pour les citoyens \u00e0 toutes les informations n\u00e9cessaires pour comprendre les enjeux de la vie de la cit\u00e9, un \u00e9change entre citoyens et acteurs aux niveaux communal, institutionnel, priv\u00e9 et associatif couvrant tous les aspects de la vie comme par exemple le social, l&#8217;\u00e9conomie, la sant\u00e9, la culture, l&#8217;\u00e9cole,<br>les loisirs etc ; de d\u00e9velopper \u00e0 travers des groupes de r\u00e9flexion, des conseils de citoyens et diff\u00e9rentes formes de d\u00e9lib\u00e9ration concernant la prise de d\u00e9cision, des outils qui permettent aux citoyens de participer plus activement \u00e0 la vie de la cit\u00e9.<\/p>\n\n\n\n<p><\/p>\n\n\n\n<p class=\"has-text-align-center has-medium-font-size\"><strong>Nous sommes un groupe de femmes et d\u2019hommes convaincus que la d\u00e9mocratie ne peut pas \u00eatre tenue pour acquise. Elle ne va pas de soi, son fonctionnement ne se d\u00e9roule pas selon des sch\u00e9mas \u00e9tablis une fois pour toutes. Elle a besoin de la participation du plus grand nombre possible de citoyens. Chacune et chacun doit avoir la possibilit\u00e9 de participer aux discussions des affaires publiques d\u00e8s le d\u00e9but des discussions et d\u00e9lib\u00e9rations et ce sur un pied d\u2019\u00e9galit\u00e9, ainsi que la possibilit\u00e9 d\u2019\u00e9laborer des solutions. Notre objectif est de cr\u00e9er un espace pour un dialogue direct et durable entre les citoyens, les groupes d\u2019int\u00e9r\u00eat et la municipalit\u00e9.<\/strong><\/p>\n\n\n\n<p>L\u2018association \u00ab Plateforme Citoyenne Lisloise \u00bb se con\u00e7oit ainsi comme une plateforme qui permet :<\/p>\n\n\n\n<ul>\n<li>Un acc\u00e8s libre pour les citoyens \u00e0 toutes les informations n\u00e9cessaires pour comprendre les enjeux de la vie de la cit\u00e9,<\/li>\n\n\n\n<li>Un \u00e9change entre citoyens et acteurs aux niveaux communal, institutionnel, priv\u00e9 et associatif couvrant tous les aspects de la vie comme par exemple le social, l\u2019\u00e9conomie, la sant\u00e9, la culture, l\u2019\u00e9cole, les loisirs etc.<\/li>\n\n\n\n<li>De d\u00e9velopper \u00e0 travers des groupes de r\u00e9flexion, des conseils de citoyens et diff\u00e9rentes formes de d\u00e9lib\u00e9ration concernant la prise de d\u00e9cision, des outils qui permettent aux citoyens de participer plus activement \u00e0 la vie de la cit\u00e9.<\/li>\n<\/ul>\n\n\n\n<p>Et c\u2019est la question de <strong>l\u2019Eau <\/strong>que nous voulons mettre comme premier champ d\u2019action \u00e0 l\u2019ordre du jour.<\/p>\n\n\n\n<p>Pourquoi l\u2019eau&nbsp;?<\/p>\n\n\n\n<p>Les scientifiques qui cherchent des possibles trace de vie sur d\u2019autres plan\u00e8tes regardent entre autres toujours si les conditions permettent l\u2019existence de l\u2019eau \u00e0 l\u2019\u00e9tat liquide.<\/p>\n\n\n\n<p>L\u2019eau, nous le savons tous, est la base de la vie sur terre. Sans eau pas de vie sur terre. Or l\u2019humanit\u00e9, \u00e0 travers son d\u00e9veloppement technique et industriel, a souill\u00e9 cette ressource vitale aussi bien sur la terre ferme que dans les vastes oc\u00e9ans. L\u2019eau qui permet l\u2019\u00e9panouissement de la vie est devenue une donn\u00e9e rare. Pour beaucoup d\u2019\u00eatres humains l\u2019acc\u00e8s \u00e0 l\u2019eau est devenu difficile parce qu\u2019 elle manque ou elle est insalubre ou elle est tout simplement devenue trop ch\u00e8re. Se pr\u00e9occuper de l\u2019eau veut donc dire se pr\u00e9occuper de la vie sur terre donc aussi de nous les humains. Am\u00e9liorer et pr\u00e9server la qualit\u00e9 de l\u2019eau et ainsi prot\u00e9ger notre sant\u00e9 et la biodiversit\u00e9, garantir un acc\u00e8s pour tous \u00e0 des prix abordables, \u00e9viter le gaspillage, tout cela nous concerne tous ici \u00e0 l\u2019Isle Jourdain. Prendre soin de ce bien public est donc une affaire publique qui r\u00e9clame qu\u2019on s\u2019y int\u00e9resse tous. <\/p>\n\n\n\n<p>L\u2019eau est \u00e9videment un enjeu politique majeur donc d\u00e9mocratique. <\/p>\n\n\n\n<p><\/p>\n\n\n\n<p><\/p>\n","protected":false},"excerpt":{"rendered":"<p>L\u2019association \u00ab&nbsp;Plateforme Citoyenne Lisloise&nbsp;\u00bb a \u00e9t\u00e9 fond\u00e9e en janvier 2022. Son objet est de promouvoir au niveau local des d\u00e9marches innovantes concernant la vie d\u00e9mocratique en initiant, \u00e0 travers des th\u00e8mes concrets qui concernent la vie des citoyens, des pratiques qui combinent la d\u00e9mocratie participative, la d\u00e9mocratie directe et repr\u00e9sentative ; l&#8217;association plateforme citoyenne lisloise se con\u00e7oit ainsi comme uneplateforme qui permet un acc\u00e8s libre pour les citoyens \u00e0 toutes les informations n\u00e9cessaires pour comprendre&hellip; <\/p>\n","protected":false},"author":1,"featured_media":0,"parent":0,"menu_order":0,"comment_status":"closed","ping_status":"closed","template":"","meta":{"footnotes":""},"_links":{"self":[{"href":"https:\/\/plateformecitoyennelisloise.fr\/index.php?rest_route=\/wp\/v2\/pages\/54"}],"collection":[{"href":"https:\/\/plateformecitoyennelisloise.fr\/index.php?rest_route=\/wp\/v2\/pages"}],"about":[{"href":"https:\/\/plateformecitoyennelisloise.fr\/index.php?rest_route=\/wp\/v2\/types\/page"}],"author":[{"embeddable":true,"href":"https:\/\/plateformecitoyennelisloise.fr\/index.php?rest_route=\/wp\/v2\/users\/1"}],"replies":[{"embeddable":true,"href":"https:\/\/plateformecitoyennelisloise.fr\/index.php?rest_route=%2Fwp%2Fv2%2Fcomments&post=54"}],"version-history":[{"count":3,"href":"https:\/\/plateformecitoyennelisloise.fr\/index.php?rest_route=\/wp\/v2\/pages\/54\/revisions"}],"predecessor-version":[{"id":70,"href":"https:\/\/plateformecitoyennelisloise.fr\/index.php?rest_route=\/wp\/v2\/pages\/54\/revisions\/70"}],"wp:attachment":[{"href":"https:\/\/plateformecitoyennelisloise.fr\/index.php?rest_route=%2Fwp%2Fv2%2Fmedia&parent=54"}],"curies":[{"name":"wp","href":"https:\/\/api.w.org\/{rel}","templated":true}]}}